{"id":386,"date":"2010-07-02T13:22:09","date_gmt":"2010-07-02T11:22:09","guid":{"rendered":"http:\/\/web586.venus.ibone.ch\/lorrainebad_v1\/?page_id=386"},"modified":"2017-05-11T19:09:52","modified_gmt":"2017-05-11T17:09:52","slug":"infrastruktur","status":"publish","type":"page","link":"http:\/\/www.lorrainebad.ch\/?page_id=386","title":{"rendered":"Heute"},"content":{"rendered":"<h2>Lorrainebad heute<\/h2>\n<p><strong>Das Lorrainebad mit seinen zwei Wiesen, den Holzpritschen am \u201eFischbecken\u201c und dem Kiosk, wo\u2019s die besten Pommes weit und breit geben soll, ist f\u00fcr viele ein sommerlicher Begegnungs- und Erholungsort, auf den man sich jedes Jahr wieder von Neuem freut \u2013 f\u00fcr manche ist er sogar besser als Ferien am Meer. <\/strong><\/p>\n<p>Ger\u00fcchte, wonach die Stadt aus Spargr\u00fcnden das Lorrainebad schliessen statt sanieren wolle, wurden bald einmal entkr\u00e4ftet: Mit der sanften Sanierung durch die Stadtbauten (2006) ist es gelungen, viel vom alten Charme des Lorrainebades beizubehalten.<\/p>\n<p>Zwar wird die Wassertemperatur nun automatisch gemessen und digital angezeigt (die alte von Hand zu bedienende Zahlentafel hat ausgedient) und die kleinen Wegweiser zur Kommunikations- bzw. Beziehungswiese sind leider auch verschwunden.<\/p>\n<p>Daf\u00fcr hat es neu ein kleines Planschbecken f\u00fcr die Kleinsten und verschiedene Spielger\u00e4te gegeben, so dass das Lorrainebad auch f\u00fcr Familien attraktiver geworden ist.<\/p>\n","protected":false},"excerpt":{"rendered":"<p>Lorrainebad heute Das Lorrainebad mit seinen zwei Wiesen, den Holzpritschen am \u201eFischbecken\u201c und dem Kiosk, wo\u2019s die besten Pommes weit und breit geben soll, ist f\u00fcr viele ein sommerlicher Begegnungs- und Erholungsort, auf den man sich jedes Jahr wieder von Neuem freut \u2013 f\u00fcr manche ist er sogar besser als Ferien am Meer. Ger\u00fcchte, wonach &hellip; <\/p>\n<p class=\"link-more\"><a href=\"http:\/\/www.lorrainebad.ch\/?page_id=386\" class=\"more-link\"><span class=\"screen-reader-text\">\u201eHeute\u201c <\/span>weiterlesen<\/a><\/p>\n","protected":false},"author":6,"featured_media":728,"parent":84,"menu_order":10,"comment_status":"closed","ping_status":"closed","template":"","meta":{"ngg_post_thumbnail":0,"footnotes":""},"class_list":["post-386","page","type-page","status-publish","has-post-thumbnail","hentry"],"aioseo_notices":[],"_links":{"self":[{"href":"http:\/\/www.lorrainebad.ch\/index.php?rest_route=\/wp\/v2\/pages\/386","targetHints":{"allow":["GET"]}}],"collection":[{"href":"http:\/\/www.lorrainebad.ch\/index.php?rest_route=\/wp\/v2\/pages"}],"about":[{"href":"http:\/\/www.lorrainebad.ch\/index.php?rest_route=\/wp\/v2\/types\/page"}],"author":[{"embeddable":true,"href":"http:\/\/www.lorrainebad.ch\/index.php?rest_route=\/wp\/v2\/users\/6"}],"replies":[{"embeddable":true,"href":"http:\/\/www.lorrainebad.ch\/index.php?rest_route=%2Fwp%2Fv2%2Fcomments&post=386"}],"version-history":[{"count":0,"href":"http:\/\/www.lorrainebad.ch\/index.php?rest_route=\/wp\/v2\/pages\/386\/revisions"}],"up":[{"embeddable":true,"href":"http:\/\/www.lorrainebad.ch\/index.php?rest_route=\/wp\/v2\/pages\/84"}],"wp:featuredmedia":[{"embeddable":true,"href":"http:\/\/www.lorrainebad.ch\/index.php?rest_route=\/wp\/v2\/media\/728"}],"wp:attachment":[{"href":"http:\/\/www.lorrainebad.ch\/index.php?rest_route=%2Fwp%2Fv2%2Fmedia&parent=386"}],"curies":[{"name":"wp","href":"https:\/\/api.w.org\/{rel}","templated":true}]}}