{"id":84,"date":"2010-05-06T22:03:29","date_gmt":"2010-05-06T20:03:29","guid":{"rendered":"http:\/\/web586.venus.ibone.ch\/lorrainebad_v1\/?page_id=84"},"modified":"2017-05-11T19:38:53","modified_gmt":"2017-05-11T17:38:53","slug":"lorrainebad","status":"publish","type":"page","link":"http:\/\/www.lorrainebad.ch\/?page_id=84","title":{"rendered":"Lorrainebad"},"content":{"rendered":"<h2>&#8222;A dere sch\u00f6ne sch\u00f6ne gr\u00fcene Aare nah\u2026&#8220;<\/h2>\n<p><strong>Eine Stadt ohne Aare kann sich in Bern niemand vorstellen. Nicht nur wegen des Freizeitgewinns. Die Aare ist das wichtigste Gew\u00e4sser f\u00fcr Bern, sie deckt rund 60 Prozent des Berner Trinkwasserbedarfs. Ihr Grundwasser wird bei Kiesen zur Trinkwassergewinnung genutzt.<\/strong><\/p>\n<p>Auch Strom wird mit Aarewasser produziert. Das Dotierkraftwerk Engehalde unterhalb des Lorrainebades ist eine integrierte Anlage des Kraftwerkes Felsenau. Zwischen dem Stauwehr Engehalde und dem Kraftwerk Felsenau fliesst die Aare als Restwasser in einem noch mehrheitlich nat\u00fcrlich verlaufenden Flussbett. Das gesamte Kleinwasserkraftwerk liegt unter Tage und produziert seit 2001 zertifizierten \u00d6kostrom f\u00fcr knapp 700 Haushalte.<\/p>\n<p><img loading=\"lazy\" decoding=\"async\" class=\"aligncenter size-large wp-image-715\" src=\"http:\/\/www.lorrainebad.ch\/wp-content\/uploads\/2010\/07\/DSC4756-550x366.jpg\" alt=\"\" width=\"525\" height=\"349\" srcset=\"http:\/\/www.lorrainebad.ch\/wp-content\/uploads\/2010\/07\/DSC4756-550x366.jpg 550w, http:\/\/www.lorrainebad.ch\/wp-content\/uploads\/2010\/07\/DSC4756-270x179.jpg 270w, http:\/\/www.lorrainebad.ch\/wp-content\/uploads\/2010\/07\/DSC4756.jpg 1021w\" sizes=\"auto, (max-width: 525px) 100vw, 525px\" \/><\/p>\n<p>Ein dominantes und zum Lorrainequartier geh\u00f6rendes Geb\u00e4ude ist die alte Brauerei Gassner am Aarweg. Die 1785 gegr\u00fcndete \u201eAltenbergbrauerei\u201c \u2013 \u201eDas Brauen bringt den B\u00fcrgern eine g\u00fcldene Nahrung\u201c &#8211; wurde 1884 von Rupert Gassner \u00fcbernommen und modernisiert. Als einer der ersten Industriebetriebe nutzte Gassner die Aare um Strom zu produzieren. 1968 wurde der Betrieb eingestellt.<\/p>\n","protected":false},"excerpt":{"rendered":"<p>&#8222;A dere sch\u00f6ne sch\u00f6ne gr\u00fcene Aare nah\u2026&#8220; Eine Stadt ohne Aare kann sich in Bern niemand vorstellen. Nicht nur wegen des Freizeitgewinns. Die Aare ist das wichtigste Gew\u00e4sser f\u00fcr Bern, sie deckt rund 60 Prozent des Berner Trinkwasserbedarfs. Ihr Grundwasser wird bei Kiesen zur Trinkwassergewinnung genutzt. Auch Strom wird mit Aarewasser produziert. Das Dotierkraftwerk Engehalde &hellip; <\/p>\n<p class=\"link-more\"><a href=\"http:\/\/www.lorrainebad.ch\/?page_id=84\" class=\"more-link\"><span class=\"screen-reader-text\">\u201eLorrainebad\u201c <\/span>weiterlesen<\/a><\/p>\n","protected":false},"author":6,"featured_media":679,"parent":0,"menu_order":20,"comment_status":"closed","ping_status":"closed","template":"","meta":{"ngg_post_thumbnail":0,"footnotes":""},"class_list":["post-84","page","type-page","status-publish","has-post-thumbnail","hentry"],"aioseo_notices":[],"_links":{"self":[{"href":"http:\/\/www.lorrainebad.ch\/index.php?rest_route=\/wp\/v2\/pages\/84","targetHints":{"allow":["GET"]}}],"collection":[{"href":"http:\/\/www.lorrainebad.ch\/index.php?rest_route=\/wp\/v2\/pages"}],"about":[{"href":"http:\/\/www.lorrainebad.ch\/index.php?rest_route=\/wp\/v2\/types\/page"}],"author":[{"embeddable":true,"href":"http:\/\/www.lorrainebad.ch\/index.php?rest_route=\/wp\/v2\/users\/6"}],"replies":[{"embeddable":true,"href":"http:\/\/www.lorrainebad.ch\/index.php?rest_route=%2Fwp%2Fv2%2Fcomments&post=84"}],"version-history":[{"count":0,"href":"http:\/\/www.lorrainebad.ch\/index.php?rest_route=\/wp\/v2\/pages\/84\/revisions"}],"wp:featuredmedia":[{"embeddable":true,"href":"http:\/\/www.lorrainebad.ch\/index.php?rest_route=\/wp\/v2\/media\/679"}],"wp:attachment":[{"href":"http:\/\/www.lorrainebad.ch\/index.php?rest_route=%2Fwp%2Fv2%2Fmedia&parent=84"}],"curies":[{"name":"wp","href":"https:\/\/api.w.org\/{rel}","templated":true}]}}