{"id":10,"date":"2010-04-29T07:59:41","date_gmt":"2010-04-29T05:59:41","guid":{"rendered":"http:\/\/web586.venus.ibone.ch\/lorrainebad_v1\/?page_id=10"},"modified":"2017-05-11T19:11:08","modified_gmt":"2017-05-11T17:11:08","slug":"geschichte","status":"publish","type":"page","link":"https:\/\/www.lorrainebad.ch\/?page_id=10","title":{"rendered":"Gestern"},"content":{"rendered":"<h2>Es war einmal &#8230;<\/h2>\n<p><strong>Die aktuelle Diskussion um die (Wieder-)Einf\u00fchrung des obligatorischen Schwimmunterrichts an den Schulen l\u00e4sst Erinnerungen an die Entstehungsgeschichte des Lorrainebads aufkommen:<\/strong><\/p>\n<p><em>\u201e<\/em>\u20261884 beschloss die Schulkommission Lorraine, geordnetes d.h. regelm\u00e4ssiges Schulbaden (l\u00e4ngs des Wylergutes in der offenen Aare, was sich als gef\u00e4hrlich erwies) einzuf\u00fchren. F\u00fcr die Schaffung eines gesicherten Aare-Platzes verlangte der Besitzer eine Entsch\u00e4digung von Fr. 500.\u2014 was sich die Schule nicht leisten konnte und daher fortan im Marzili badete, was aber mit anderweitigen \u201aUnzuk\u00f6mmlichkeiten\u2019 verbunden war.<\/p>\n<p>Die Schulkommission schloss daher einen Vertrag f\u00fcr die Ben\u00fctzung eines Privathallenbades am Hofweg, was aber auch nicht lange w\u00e4hrte, da es f\u00fcr den Besitzer nicht rentabel war und das Badhaus in Wohnungen umgebaut wurde.<\/p>\n<p>Der Lorraineleist schuf 1892 eine Badanlage, wo sich heute das Lorrainebad befindet und legte auch den Weg dahin an. Da aber das ganze Abwasser aus der Stadt in die Aare und damit durch das Lorrainebad floss, musste das Schulbaden eingestellt werden. Nach einiger Zeit hat man das Aarewasser vom Lorrainebad abgeleitet und das Badebecken mit Grundwasser gespiesen \u2026\u201c. (Quelle: Chronik Paul Hebeisen, 1952)<\/p>\n<div id='gallery-1' class='gallery galleryid-10 gallery-columns-1 gallery-size-large'><figure class='gallery-item'>\n\t\t\t<div class='gallery-icon portrait'>\n\t\t\t\t<a href='https:\/\/www.lorrainebad.ch\/?attachment_id=465'><img loading=\"lazy\" decoding=\"async\" width=\"525\" height=\"531\" src=\"https:\/\/www.lorrainebad.ch\/wp-content\/uploads\/2010\/07\/bau_sw_old_1962-544x550.jpg\" class=\"attachment-large size-large\" alt=\"\" srcset=\"https:\/\/www.lorrainebad.ch\/wp-content\/uploads\/2010\/07\/bau_sw_old_1962-544x550.jpg 544w, https:\/\/www.lorrainebad.ch\/wp-content\/uploads\/2010\/07\/bau_sw_old_1962-130x130.jpg 130w, https:\/\/www.lorrainebad.ch\/wp-content\/uploads\/2010\/07\/bau_sw_old_1962-267x270.jpg 267w, https:\/\/www.lorrainebad.ch\/wp-content\/uploads\/2010\/07\/bau_sw_old_1962.jpg 792w\" sizes=\"auto, 100vw\" \/><\/a>\n\t\t\t<\/div><\/figure><figure class='gallery-item'>\n\t\t\t<div class='gallery-icon portrait'>\n\t\t\t\t<a href='https:\/\/www.lorrainebad.ch\/?attachment_id=464'><img loading=\"lazy\" decoding=\"async\" width=\"525\" height=\"536\" src=\"https:\/\/www.lorrainebad.ch\/wp-content\/uploads\/2010\/07\/bau_sw_old_1951-539x550.jpg\" class=\"attachment-large size-large\" alt=\"\" srcset=\"https:\/\/www.lorrainebad.ch\/wp-content\/uploads\/2010\/07\/bau_sw_old_1951-539x550.jpg 539w, https:\/\/www.lorrainebad.ch\/wp-content\/uploads\/2010\/07\/bau_sw_old_1951-264x270.jpg 264w, https:\/\/www.lorrainebad.ch\/wp-content\/uploads\/2010\/07\/bau_sw_old_1951.jpg 784w\" sizes=\"auto, 100vw\" \/><\/a>\n\t\t\t<\/div><\/figure><figure class='gallery-item'>\n\t\t\t<div class='gallery-icon landscape'>\n\t\t\t\t<a href='https:\/\/www.lorrainebad.ch\/?attachment_id=463'><img loading=\"lazy\" decoding=\"async\" width=\"525\" height=\"389\" src=\"https:\/\/www.lorrainebad.ch\/wp-content\/uploads\/2010\/07\/bau_sw_old_1913-550x407.jpg\" class=\"attachment-large size-large\" alt=\"\" srcset=\"https:\/\/www.lorrainebad.ch\/wp-content\/uploads\/2010\/07\/bau_sw_old_1913-550x407.jpg 550w, https:\/\/www.lorrainebad.ch\/wp-content\/uploads\/2010\/07\/bau_sw_old_1913-270x199.jpg 270w, https:\/\/www.lorrainebad.ch\/wp-content\/uploads\/2010\/07\/bau_sw_old_1913.jpg 800w\" sizes=\"auto, 100vw\" \/><\/a>\n\t\t\t<\/div><\/figure>\n\t\t<\/div>\n\n<p>F\u00fcr den Bau der heutigen Lorraine-Badeanstalt erwarb die Stadt Ende des 19. Jahrhunderts den n\u00f6rdlichsten Teil des Rabbental-Guts. Anfangs badeten Frauen und M\u00e4nner noch getrennt. Die schmucke Badi ist bis heute Beweis daf\u00fcr, dass Schwimmen zum Alltag geh\u00f6rt &#8211; vor allem, wenn man so nahe am Wasser lebt. Auch die Tatsache, dass die Stadt bis heute darauf verzichtet, Eintrittsgeld f\u00fcr die Berner Freib\u00e4der zu verlangen, ist ein wichtiger Beitrag dazu.<\/p>\n<p>Im Fotobuch &#8222;Die Lorraine &#8211; Hommage an ein Stadtquartier&#8220; finden sich zahlreiche Bilder zum Lorrainebad von damals und heute.<\/p>\n","protected":false},"excerpt":{"rendered":"<p>Es war einmal &#8230; Die aktuelle Diskussion um die (Wieder-)Einf\u00fchrung des obligatorischen Schwimmunterrichts an den Schulen l\u00e4sst Erinnerungen an die Entstehungsgeschichte des Lorrainebads aufkommen: \u201e\u20261884 beschloss die Schulkommission Lorraine, geordnetes d.h. regelm\u00e4ssiges Schulbaden (l\u00e4ngs des Wylergutes in der offenen Aare, was sich als gef\u00e4hrlich erwies) einzuf\u00fchren. F\u00fcr die Schaffung eines gesicherten Aare-Platzes verlangte der Besitzer &hellip; <\/p>\n<p class=\"link-more\"><a href=\"https:\/\/www.lorrainebad.ch\/?page_id=10\" class=\"more-link\"><span class=\"screen-reader-text\">\u201eGestern\u201c <\/span>weiterlesen<\/a><\/p>\n","protected":false},"author":6,"featured_media":463,"parent":84,"menu_order":5,"comment_status":"closed","ping_status":"closed","template":"","meta":{"ngg_post_thumbnail":0,"footnotes":""},"class_list":["post-10","page","type-page","status-publish","has-post-thumbnail","hentry"],"aioseo_notices":[],"_links":{"self":[{"href":"https:\/\/www.lorrainebad.ch\/index.php?rest_route=\/wp\/v2\/pages\/10","targetHints":{"allow":["GET"]}}],"collection":[{"href":"https:\/\/www.lorrainebad.ch\/index.php?rest_route=\/wp\/v2\/pages"}],"about":[{"href":"https:\/\/www.lorrainebad.ch\/index.php?rest_route=\/wp\/v2\/types\/page"}],"author":[{"embeddable":true,"href":"https:\/\/www.lorrainebad.ch\/index.php?rest_route=\/wp\/v2\/users\/6"}],"replies":[{"embeddable":true,"href":"https:\/\/www.lorrainebad.ch\/index.php?rest_route=%2Fwp%2Fv2%2Fcomments&post=10"}],"version-history":[{"count":0,"href":"https:\/\/www.lorrainebad.ch\/index.php?rest_route=\/wp\/v2\/pages\/10\/revisions"}],"up":[{"embeddable":true,"href":"https:\/\/www.lorrainebad.ch\/index.php?rest_route=\/wp\/v2\/pages\/84"}],"wp:featuredmedia":[{"embeddable":true,"href":"https:\/\/www.lorrainebad.ch\/index.php?rest_route=\/wp\/v2\/media\/463"}],"wp:attachment":[{"href":"https:\/\/www.lorrainebad.ch\/index.php?rest_route=%2Fwp%2Fv2%2Fmedia&parent=10"}],"curies":[{"name":"wp","href":"https:\/\/api.w.org\/{rel}","templated":true}]}}