{"id":17,"date":"2017-04-29T08:00:44","date_gmt":"2017-04-29T06:00:44","guid":{"rendered":"http:\/\/web586.venus.ibone.ch\/lorrainebad_v1\/?page_id=17"},"modified":"2017-05-28T13:31:37","modified_gmt":"2017-05-28T11:31:37","slug":"anreise","status":"publish","type":"page","link":"https:\/\/www.lorrainebad.ch\/?page_id=17","title":{"rendered":"anreisen &#038; parkieren"},"content":{"rendered":"<h2>Aues &#8211; nume nid mit em Outo &#8230;<\/h2>\n\n<h4>Bitte beachten Sie:<\/h4>\n<p><span style=\"color: #ff0000;\"><strong>Reisen Sie bitte nicht mit dem Auto an.<\/strong><\/span> &#8211; Das Lorrainebad verf\u00fcgt weder \u00fcber eine direkte Strassenadresse noch \u00fcber Parkpl\u00e4tze. Die AnwohnerInnen sind auf die knapp vorhandenen Parkierungsm\u00f6glichkeiten angewiesen und sind allen dankbar, die ihr Auto zu Hause lassen. Nutzen Sie daher die \u00f6ffentlichen Verkehrsmittel f\u00fcr die Anreise oder g\u00f6nnen Sie sich einen erholsamen Spaziergang. Das Lorrainebad ist innerhalb von zehn Minuten zu Fuss vom Bahnhof aus zu erreichen: Gleich nach der Lorrainebr\u00fccke beim Parkplatz links die Treppe runter. <strong>Herzlichen Dank!<\/strong><\/p>\n<hr \/>\n<h4>Optimale Anreise<\/h4>\n<ul>\n<li>Sie erreichen das Lorrainebad <strong>zu Fuss, per Velo, oder per OeV<\/strong> (Bus Nr. 20 ab HB Richtung Wankdorf bis Haltestelle \u201eLorraine\u201c)<\/li>\n<li>Veloparkpl\u00e4tze gibt es:\n<ul>\n<li>beim oberen Eingang zum Bad an der Jurastrasse<\/li>\n<li>beim Aare-Eingang (Zufahrt ab Altenbergstrasse).<\/li>\n<li><strong>Beachten Sie: Auf den Aarewegen gilt ein <span style=\"text-decoration: underline;\">generelles Fahrverbot!<\/span><\/strong><\/li>\n<\/ul>\n<\/li>\n<\/ul>\n<hr \/>\n<p>&nbsp;<\/p>\n","protected":false},"excerpt":{"rendered":"<p>Aues &#8211; nume nid mit em Outo &#8230; Bitte beachten Sie: Reisen Sie bitte nicht mit dem Auto an. &#8211; Das Lorrainebad verf\u00fcgt weder \u00fcber eine direkte Strassenadresse noch \u00fcber Parkpl\u00e4tze. Die AnwohnerInnen sind auf die knapp vorhandenen Parkierungsm\u00f6glichkeiten angewiesen und sind allen dankbar, die ihr Auto zu Hause lassen. Nutzen Sie daher die \u00f6ffentlichen &hellip; <\/p>\n<p class=\"link-more\"><a href=\"https:\/\/www.lorrainebad.ch\/?page_id=17\" class=\"more-link\"><span class=\"screen-reader-text\">\u201eanreisen &#038; parkieren\u201c <\/span>weiterlesen<\/a><\/p>\n","protected":false},"author":6,"featured_media":724,"parent":0,"menu_order":10,"comment_status":"closed","ping_status":"closed","template":"","meta":{"ngg_post_thumbnail":0,"footnotes":""},"class_list":["post-17","page","type-page","status-publish","has-post-thumbnail","hentry"],"aioseo_notices":[],"_links":{"self":[{"href":"https:\/\/www.lorrainebad.ch\/index.php?rest_route=\/wp\/v2\/pages\/17","targetHints":{"allow":["GET"]}}],"collection":[{"href":"https:\/\/www.lorrainebad.ch\/index.php?rest_route=\/wp\/v2\/pages"}],"about":[{"href":"https:\/\/www.lorrainebad.ch\/index.php?rest_route=\/wp\/v2\/types\/page"}],"author":[{"embeddable":true,"href":"https:\/\/www.lorrainebad.ch\/index.php?rest_route=\/wp\/v2\/users\/6"}],"replies":[{"embeddable":true,"href":"https:\/\/www.lorrainebad.ch\/index.php?rest_route=%2Fwp%2Fv2%2Fcomments&post=17"}],"version-history":[{"count":0,"href":"https:\/\/www.lorrainebad.ch\/index.php?rest_route=\/wp\/v2\/pages\/17\/revisions"}],"wp:featuredmedia":[{"embeddable":true,"href":"https:\/\/www.lorrainebad.ch\/index.php?rest_route=\/wp\/v2\/media\/724"}],"wp:attachment":[{"href":"https:\/\/www.lorrainebad.ch\/index.php?rest_route=%2Fwp%2Fv2%2Fmedia&parent=17"}],"curies":[{"name":"wp","href":"https:\/\/api.w.org\/{rel}","templated":true}]}}